{"id":2277,"date":"2022-03-03T16:04:00","date_gmt":"2022-03-03T16:04:00","guid":{"rendered":"https:\/\/zappdemo.com\/mentions-legales\/"},"modified":"2023-05-29T08:12:38","modified_gmt":"2023-05-29T08:12:38","slug":"mentions-legales","status":"publish","type":"page","link":"https:\/\/ecaldima.com\/fr\/mentions-legales\/","title":{"rendered":"Mentions l\u00e9gales"},"content":{"rendered":"\t\t<div data-elementor-type=\"wp-page\" data-elementor-id=\"2277\" class=\"elementor elementor-2277 elementor-1012\" data-elementor-post-type=\"page\">\n\t\t\t\t\t\t<section class=\"elementor-section elementor-top-section elementor-element elementor-element-e94819f elementor-section-boxed elementor-section-height-default elementor-section-height-default\" data-id=\"e94819f\" data-element_type=\"section\" data-e-type=\"section\" data-settings=\"{&quot;shape_divider_top&quot;:&quot;opacity-tilt&quot;}\">\n\t\t\t\t\t<div class=\"elementor-shape elementor-shape-top\" aria-hidden=\"true\" data-negative=\"false\">\n\t\t\t<svg xmlns=\"http:\/\/www.w3.org\/2000\/svg\" viewBox=\"0 0 2600 131.1\" preserveAspectRatio=\"none\">\n\t<path class=\"elementor-shape-fill\" d=\"M0 0L2600 0 2600 69.1 0 0z\"\/>\n\t<path class=\"elementor-shape-fill\" style=\"opacity:0.5\" d=\"M0 0L2600 0 2600 69.1 0 69.1z\"\/>\n\t<path class=\"elementor-shape-fill\" style=\"opacity:0.25\" d=\"M2600 0L0 0 0 130.1 2600 69.1z\"\/>\n<\/svg>\t\t<\/div>\n\t\t\t\t\t<div class=\"elementor-container elementor-column-gap-default\">\n\t\t\t\t\t<div class=\"elementor-column elementor-col-100 elementor-top-column elementor-element elementor-element-5ad3fc7\" data-id=\"5ad3fc7\" data-element_type=\"column\" data-e-type=\"column\">\n\t\t\t<div class=\"elementor-widget-wrap elementor-element-populated\">\n\t\t\t\t\t\t\t<\/div>\n\t\t<\/div>\n\t\t\t\t\t<\/div>\n\t\t<\/section>\n\t\t\t\t<section class=\"elementor-section elementor-top-section elementor-element elementor-element-d271447 elementor-section-boxed elementor-section-height-default elementor-section-height-default\" data-id=\"d271447\" data-element_type=\"section\" data-e-type=\"section\">\n\t\t\t\t\t\t<div class=\"elementor-container elementor-column-gap-default\">\n\t\t\t\t\t<div class=\"elementor-column elementor-col-100 elementor-top-column elementor-element elementor-element-d2275f6\" data-id=\"d2275f6\" data-element_type=\"column\" data-e-type=\"column\">\n\t\t\t<div class=\"elementor-widget-wrap\">\n\t\t\t\t\t\t\t<\/div>\n\t\t<\/div>\n\t\t\t\t\t<\/div>\n\t\t<\/section>\n\t\t\t\t<section class=\"elementor-section elementor-top-section elementor-element elementor-element-893fe5f elementor-section-boxed elementor-section-height-default elementor-section-height-default\" data-id=\"893fe5f\" data-element_type=\"section\" data-e-type=\"section\">\n\t\t\t\t\t\t<div class=\"elementor-container elementor-column-gap-default\">\n\t\t\t\t\t<div class=\"elementor-column elementor-col-100 elementor-top-column elementor-element elementor-element-54c034e\" data-id=\"54c034e\" data-element_type=\"column\" data-e-type=\"column\">\n\t\t\t<div class=\"elementor-widget-wrap elementor-element-populated\">\n\t\t\t\t\t\t<div class=\"elementor-element elementor-element-534392d elementor-widget elementor-widget-spacer\" data-id=\"534392d\" data-element_type=\"widget\" data-e-type=\"widget\" data-widget_type=\"spacer.default\">\n\t\t\t\t<div class=\"elementor-widget-container\">\n\t\t\t\t\t\t\t<div class=\"elementor-spacer\">\n\t\t\t<div class=\"elementor-spacer-inner\"><\/div>\n\t\t<\/div>\n\t\t\t\t\t\t<\/div>\n\t\t\t\t<\/div>\n\t\t\t\t\t<\/div>\n\t\t<\/div>\n\t\t\t\t\t<\/div>\n\t\t<\/section>\n\t\t\t\t<section class=\"elementor-section elementor-top-section elementor-element elementor-element-945d88a elementor-section-boxed elementor-section-height-default elementor-section-height-default\" data-id=\"945d88a\" data-element_type=\"section\" data-e-type=\"section\">\n\t\t\t\t\t\t<div class=\"elementor-container elementor-column-gap-default\">\n\t\t\t\t\t<div class=\"elementor-column elementor-col-100 elementor-top-column elementor-element elementor-element-3bedc37\" data-id=\"3bedc37\" data-element_type=\"column\" data-e-type=\"column\">\n\t\t\t<div class=\"elementor-widget-wrap elementor-element-populated\">\n\t\t\t\t\t\t<div class=\"elementor-element elementor-element-b0491a3 elementor-widget elementor-widget-heading\" data-id=\"b0491a3\" data-element_type=\"widget\" data-e-type=\"widget\" data-widget_type=\"heading.default\">\n\t\t\t\t<div class=\"elementor-widget-container\">\n\t\t\t\t\t<h2 class=\"elementor-heading-title elementor-size-default\">MENTIONS LEGALES<\/h2>\t\t\t\t<\/div>\n\t\t\t\t<\/div>\n\t\t\t\t\t<\/div>\n\t\t<\/div>\n\t\t\t\t\t<\/div>\n\t\t<\/section>\n\t\t\t\t<section class=\"elementor-section elementor-top-section elementor-element elementor-element-bc914ca elementor-section-boxed elementor-section-height-default elementor-section-height-default\" data-id=\"bc914ca\" data-element_type=\"section\" data-e-type=\"section\">\n\t\t\t\t\t\t<div class=\"elementor-container elementor-column-gap-default\">\n\t\t\t\t\t<div class=\"elementor-column elementor-col-100 elementor-top-column elementor-element elementor-element-b4a7063\" data-id=\"b4a7063\" data-element_type=\"column\" data-e-type=\"column\">\n\t\t\t<div class=\"elementor-widget-wrap elementor-element-populated\">\n\t\t\t\t\t\t<div class=\"elementor-element elementor-element-f8e905e elementor-widget elementor-widget-text-editor\" data-id=\"f8e905e\" data-element_type=\"widget\" data-e-type=\"widget\" data-widget_type=\"text-editor.default\">\n\t\t\t\t<div class=\"elementor-widget-container\">\n\t\t\t\t\t\t\t\t\t<p><strong>Nom du domaine<\/strong>: ecaldima.com<br \/>\n<strong>Raison sociale<\/strong>: ZAPP S.L.<br \/>\n<strong>Nom commercial<\/strong>: Ecaldima.<br \/>\n<strong>Si\u00e8ge social<\/strong>: Calle de Asturias 4, Torrej\u00f3n de Ardoz (Madrid).<br \/>\n<strong>NIF<\/strong>: B86408291<br \/>\n<strong>T\u00e9l\u00e9phone<\/strong>: (+34) 911 04 23 19<br \/>\n<strong>Adresse \u00e9lectronique<\/strong>: hello@ecaldima.com<br \/>\n<strong>Donn\u00e9s d&rsquo;enregistrement<\/strong>: Registro Mercantil de Madrid. Tomo: 26669, Folio: 160, Secci\u00f3n: 1, Hoja: M-533868<\/p>\n<p><strong>OBJET<\/strong><\/p>\n<p>Le fournisseur, responsable du site Web, met ce document \u00e0 la disposition des utilisateurs avec lesquels il a l&rsquo;intention de se conformer aux obligations \u00e9nonc\u00e9es dans la loi 34\/2002, sur les services de la soci\u00e9t\u00e9 de l&rsquo;information et du commerce \u00e9lectronique (LSSI-CE), ainsi que d&rsquo;informer tous les utilisateurs du site Web sur les conditions d&rsquo;utilisation du site Web.<\/p>\n<p>Toute personne qui acc\u00e8de \u00e0 ce site Web assume le r\u00f4le d&rsquo;utilisateur, s&rsquo;engageant \u00e0 observer et \u00e0 respecter strictement les dispositions \u00e9nonc\u00e9es dans les pr\u00e9sentes, ainsi que toute autre disposition l\u00e9gale applicable.<\/p>\n<p>Le prestataire se r\u00e9serve le droit de modifier tout type d&rsquo;informations pouvant appara\u00eetre sur le site, sans qu&rsquo;il soit tenu de pr\u00e9venir ou d&rsquo;informer pr\u00e9alablement les utilisateurs de ces modifications, la publication sur le site du prestataire \u00e9tant consid\u00e9r\u00e9e comme suffisante.<\/p>\n<p><strong>RESPONSABILIT\u00c9<\/strong><\/p>\n<p>Le fournisseur est exon\u00e9r\u00e9 de tout type de responsabilit\u00e9 d\u00e9coulant des informations publi\u00e9es sur son site Web, \u00e0 condition que ces informations aient \u00e9t\u00e9 manipul\u00e9es ou introduites par un tiers sans rapport avec lui.<\/p>\n<p>Le site Web du fournisseur peut utiliser des cookies (petits fichiers d&rsquo;informations que le serveur envoie \u00e0 l&rsquo;ordinateur de la personne acc\u00e9dant \u00e0 la page) pour ex\u00e9cuter certaines fonctions consid\u00e9r\u00e9es comme essentielles au bon fonctionnement et \u00e0 l&rsquo;affichage du site. Les cookies utilis\u00e9s sur le site ont, en tout \u00e9tat de cause, un caract\u00e8re temporaire dans le seul but de rendre plus efficace leur transmission ult\u00e9rieure et ils disparaissent \u00e0 la fin de la session de l&rsquo;utilisateur. En aucun cas les cookies ne seront utilis\u00e9s pour collecter des informations personnelles.<\/p>\n<p>Depuis le site Web du client, il est possible d&rsquo;\u00eatre redirig\u00e9 vers des contenus provenant de sites Web tiers. \u00c9tant donn\u00e9 que le fournisseur ne peut pas toujours contr\u00f4ler les contenus introduits par des tiers sur leurs sites Web, il n&rsquo;assume aucun type de responsabilit\u00e9 \u00e0 l&rsquo;\u00e9gard de ces contenus. Dans tous les cas, le fournisseur d\u00e9clare qu&rsquo;il proc\u00e9dera au retrait imm\u00e9diat de tout contenu qui pourrait contrevenir \u00e0 la l\u00e9gislation nationale ou internationale, aux bonnes m\u0153urs ou \u00e0 l&rsquo;ordre public, en proc\u00e9dant au retrait imm\u00e9diat de la redirection vers ledit site Web, en informant les autorit\u00e9s comp\u00e9tentes du contenu dans question.<\/p>\n<p>Le fournisseur n&rsquo;est pas responsable des informations et du contenu stock\u00e9s, \u00e0 titre d&rsquo;exemple mais non limitatif, dans les forums, les chats, les g\u00e9n\u00e9rateurs de blogs, les commentaires, les r\u00e9seaux sociaux ou tout autre moyen permettant \u00e0 des tiers de publier du contenu de mani\u00e8re ind\u00e9pendante sur la page Web du prestataire. Toutefois, et conform\u00e9ment aux dispositions de l&rsquo;art. 11 et 16 de la LSSICE, le fournisseur se met \u00e0 la disposition de tous les utilisateurs, autorit\u00e9s et forces de s\u00e9curit\u00e9, et collabore activement au retrait ou au blocage de tout contenu qui pourrait affecter ou contrevenir \u00e0 la l\u00e9gislation nationale ou internationale, aux droits des tiers ou \u00e0 la morale et ordre publique. Dans le cas o\u00f9 l&rsquo;utilisateur consid\u00e8re qu&rsquo;il existe un contenu sur le site Web qui pourrait \u00eatre susceptible de cette classification, veuillez en informer imm\u00e9diatement l&rsquo;administrateur du site Web.<\/p>\n<p>Ce site Web a \u00e9t\u00e9 r\u00e9vis\u00e9 et test\u00e9 pour fonctionner correctement. En principe, un fonctionnement correct peut \u00eatre garanti 365 jours par an, 24 heures sur 24. Cependant, le fournisseur n&rsquo;exclut pas la possibilit\u00e9 qu&rsquo;il y ait certaines erreurs de programmation, ou que des cas de force majeure, des catastrophes naturelles, des gr\u00e8ves ou des circonstances similaires se produisent qui rendent l&rsquo;acc\u00e8s au site Web impossible.<\/p>\n<p><strong>PROTECTION DES DONN\u00c9ES PERSONNELLES<\/strong><\/p>\n<p>Le fournisseur est profond\u00e9ment attach\u00e9 au respect de la r\u00e9glementation espagnole sur la protection des donn\u00e9es personnelles et garantit le plein respect des obligations \u00e9nonc\u00e9es, ainsi que la mise en \u0153uvre des mesures techniques et organisationnelles n\u00e9cessaires pour garantir la s\u00e9curit\u00e9 des informations et pouvoir d\u00e9montrer qu&rsquo;ils sont ad\u00e9quats et efficaces.<\/p>\n<p>Le fournisseur met la <strong><a href=\"https:\/\/zappdemo.com\/index.php\/2022\/03\/03\/politica-de-privacidad\/\" target=\"_blank\" rel=\"noopener\">politique de confidentialit\u00e9<\/a><\/strong> \u00e0 la disposition des utilisateurs, informant les utilisateurs de la politique de protection des donn\u00e9es personnelles.<\/p>\n<p><strong>PROPRI\u00c9T\u00c9 INTELLECTUELLE ET INDUSTRIELLE<\/strong><\/p>\n<p>Le site Web, y compris, mais sans s&rsquo;y limiter, sa programmation, son \u00e9dition, sa compilation et d&rsquo;autres \u00e9l\u00e9ments n\u00e9cessaires \u00e0 son fonctionnement, les dessins, logos, textes et\/ou graphiques sont la propri\u00e9t\u00e9 du fournisseur ou, le cas \u00e9ch\u00e9ant, disposent d&rsquo;une licence ou d&rsquo;une autorisation expresse de partie des auteurs. Tous les contenus du site Web sont d\u00fbment prot\u00e9g\u00e9s par la r\u00e9glementation de la propri\u00e9t\u00e9 intellectuelle et industrielle, ainsi qu&rsquo;enregistr\u00e9s dans les registres publics correspondants.<\/p>\n<p>Quelle que soit la finalit\u00e9 pour laquelle ils sont destin\u00e9s, la reproduction totale ou partielle, l&rsquo;utilisation, l&rsquo;exploitation, la distribution et la commercialisation n\u00e9cessitent en tout \u00e9tat de cause l&rsquo;autorisation \u00e9crite pr\u00e9alable du fournisseur. Toute utilisation non pr\u00e9alablement autoris\u00e9e par le fournisseur sera consid\u00e9r\u00e9e comme une violation grave des droits de propri\u00e9t\u00e9 intellectuelle ou industrielle de l&rsquo;auteur.<\/p>\n<p>Les dessins, logos, textes et\/ou graphiques qui n&rsquo;appartiennent pas au fournisseur et qui peuvent appara\u00eetre sur le site appartiennent \u00e0 leurs propri\u00e9taires respectifs, qui sont eux-m\u00eames responsables de toute controverse \u00e9ventuelle pouvant survenir \u00e0 leur sujet. En tout \u00e9tat de cause, le prestataire dispose d&rsquo;une autorisation expresse et pr\u00e9alable de leur part.<\/p>\n<p>Le fournisseur reconna\u00eet en faveur de leurs propri\u00e9taires les droits de propri\u00e9t\u00e9 industrielle et intellectuelle correspondants, et leur simple mention ou apparition sur le site Web n&rsquo;implique pas l&rsquo;existence de droits ou une quelconque responsabilit\u00e9 du fournisseur \u00e0 leur \u00e9gard, ni n&rsquo;implique l&rsquo;approbation, le parrainage ou la recommandation par le fournisseur.<\/p>\n<p>Pour faire tout type d&rsquo;observation concernant d&rsquo;\u00e9ventuelles violations des droits de propri\u00e9t\u00e9 intellectuelle ou industrielle, ainsi que de tout contenu du site Web, vous pouvez le faire via l&rsquo;e-mail du propri\u00e9taire du site Web.<\/p>\n<p><strong>LOI APPLICABLE ET JURIDICTION<\/strong><\/p>\n<p>Pour la r\u00e9solution de tous les litiges ou probl\u00e8mes li\u00e9s \u00e0 ce site Web ou aux activit\u00e9s qui y sont d\u00e9velopp\u00e9es, la l\u00e9gislation espagnole s&rsquo;appliquera, \u00e0 laquelle les parties se soumettent express\u00e9ment, \u00e9tant comp\u00e9tente pour r\u00e9soudre tous les litiges d\u00e9coulant ou li\u00e9s \u00e0 son utilisation les Cours et Tribunaux de Madrid.<\/p>\n\t\t\t\t\t\t\t\t<\/div>\n\t\t\t\t<\/div>\n\t\t\t\t\t<\/div>\n\t\t<\/div>\n\t\t\t\t\t<\/div>\n\t\t<\/section>\n\t\t\t\t<\/div>\n\t\t","protected":false},"excerpt":{"rendered":"<p>MENTIONS LEGALES Nom du domaine: ecaldima.com Raison sociale: ZAPP S.L. Nom commercial: Ecaldima. Si\u00e8ge social: Calle de Asturias 4, Torrej\u00f3n de Ardoz (Madrid). NIF: B86408291 T\u00e9l\u00e9phone: (+34) 911 04 23 19 Adresse \u00e9lectronique: hello@ecaldima.com Donn\u00e9s d&rsquo;enregistrement: Registro Mercantil de Madrid. Tomo: 26669, Folio: 160, Secci\u00f3n: 1, Hoja: M-533868 OBJET Le fournisseur, responsable du site Web, [&hellip;]<\/p>\n","protected":false},"author":2,"featured_media":0,"parent":0,"menu_order":0,"comment_status":"closed","ping_status":"closed","template":"elementor_header_footer","meta":{"footnotes":""},"class_list":["post-2277","page","type-page","status-publish","hentry"],"aioseo_notices":[],"_links":{"self":[{"href":"https:\/\/ecaldima.com\/fr\/wp-json\/wp\/v2\/pages\/2277","targetHints":{"allow":["GET"]}}],"collection":[{"href":"https:\/\/ecaldima.com\/fr\/wp-json\/wp\/v2\/pages"}],"about":[{"href":"https:\/\/ecaldima.com\/fr\/wp-json\/wp\/v2\/types\/page"}],"author":[{"embeddable":true,"href":"https:\/\/ecaldima.com\/fr\/wp-json\/wp\/v2\/users\/2"}],"replies":[{"embeddable":true,"href":"https:\/\/ecaldima.com\/fr\/wp-json\/wp\/v2\/comments?post=2277"}],"version-history":[{"count":4,"href":"https:\/\/ecaldima.com\/fr\/wp-json\/wp\/v2\/pages\/2277\/revisions"}],"predecessor-version":[{"id":3938,"href":"https:\/\/ecaldima.com\/fr\/wp-json\/wp\/v2\/pages\/2277\/revisions\/3938"}],"wp:attachment":[{"href":"https:\/\/ecaldima.com\/fr\/wp-json\/wp\/v2\/media?parent=2277"}],"curies":[{"name":"wp","href":"https:\/\/api.w.org\/{rel}","templated":true}]}}