{"id":4784,"date":"2024-02-07T08:19:00","date_gmt":"2024-02-07T08:19:00","guid":{"rendered":"https:\/\/ecaldima.com\/ivv\/"},"modified":"2024-02-12T09:18:08","modified_gmt":"2024-02-12T09:18:08","slug":"ivv","status":"publish","type":"page","link":"https:\/\/ecaldima.com\/fr\/ivv\/","title":{"rendered":"IVV"},"content":{"rendered":"\t\t<div data-elementor-type=\"wp-page\" data-elementor-id=\"4784\" class=\"elementor elementor-4784 elementor-4738\" data-elementor-post-type=\"page\">\n\t\t\t\t\t\t<section class=\"elementor-section elementor-top-section elementor-element elementor-element-5b7aa8c elementor-section-boxed elementor-section-height-default elementor-section-height-default\" data-id=\"5b7aa8c\" data-element_type=\"section\" data-e-type=\"section\" data-settings=\"{&quot;background_background&quot;:&quot;classic&quot;}\">\n\t\t\t\t\t\t<div class=\"elementor-container elementor-column-gap-default\">\n\t\t\t\t\t<div class=\"elementor-column elementor-col-100 elementor-top-column elementor-element elementor-element-56f2113\" data-id=\"56f2113\" data-element_type=\"column\" data-e-type=\"column\">\n\t\t\t<div class=\"elementor-widget-wrap elementor-element-populated\">\n\t\t\t\t\t\t<div class=\"elementor-element elementor-element-26253e5 elementor-widget elementor-widget-text-editor\" data-id=\"26253e5\" data-element_type=\"widget\" data-e-type=\"widget\" data-widget_type=\"text-editor.default\">\n\t\t\t\t<div class=\"elementor-widget-container\">\n\t\t\t\t\t\t\t\t\t<p><span style=\"color: var( --e-global-color-86b500d ); font-family: var( --e-global-typography-text-font-family ), Roboto; background-color: var( --e-global-color-primary );\">IVV INSPECTION VISUELLE DE V\u00c9HICULE<\/span><\/p>\n<h3 class=\"elementor-heading-title elementor-size-default\"><span class=\"OYPEnA text-decoration-none text-strikethrough-none\">La solution innovante qui transforme la relation entre les professionnels de l\u2019automobile et leurs clients.<\/span><\/h3>\n<p><span style=\"color: var( --e-global-color-86b500d ); font-family: var( --e-global-typography-text-font-family ), Roboto; background-color: var( --e-global-color-primary );\">\u00a0<\/span><\/p>\n\t\t\t\t\t\t\t\t<\/div>\n\t\t\t\t<\/div>\n\t\t\t\t\t<\/div>\n\t\t<\/div>\n\t\t\t\t\t<\/div>\n\t\t<\/section>\n\t\t\t\t<section class=\"elementor-section elementor-top-section elementor-element elementor-element-9dcbadf elementor-section-boxed elementor-section-height-default elementor-section-height-default\" data-id=\"9dcbadf\" data-element_type=\"section\" data-e-type=\"section\">\n\t\t\t\t\t\t<div class=\"elementor-container elementor-column-gap-default\">\n\t\t\t\t\t<div class=\"elementor-column elementor-col-100 elementor-top-column elementor-element elementor-element-290f920\" data-id=\"290f920\" data-element_type=\"column\" data-e-type=\"column\">\n\t\t\t<div class=\"elementor-widget-wrap elementor-element-populated\">\n\t\t\t\t\t\t<div class=\"elementor-element elementor-element-6dad97b elementor-widget elementor-widget-heading\" data-id=\"6dad97b\" data-element_type=\"widget\" data-e-type=\"widget\" data-widget_type=\"heading.default\">\n\t\t\t\t<div class=\"elementor-widget-container\">\n\t\t\t\t\t<h2 class=\"elementor-heading-title elementor-size-default\">Notre derni\u00e8re innovation : IVV, est une application sp\u00e9cialement con\u00e7ue pour les professionnels de l'automobile. Notre objectif est de rendre les inspections visuelles plus efficaces et mieux document\u00e9es.<\/h2>\t\t\t\t<\/div>\n\t\t\t\t<\/div>\n\t\t\t\t\t<\/div>\n\t\t<\/div>\n\t\t\t\t\t<\/div>\n\t\t<\/section>\n\t\t\t\t<section class=\"elementor-section elementor-top-section elementor-element elementor-element-50024b8 elementor-section-boxed elementor-section-height-default elementor-section-height-default\" data-id=\"50024b8\" data-element_type=\"section\" data-e-type=\"section\">\n\t\t\t\t\t\t<div class=\"elementor-container elementor-column-gap-default\">\n\t\t\t\t\t<div class=\"elementor-column elementor-col-16 elementor-top-column elementor-element elementor-element-8e6a0ff\" data-id=\"8e6a0ff\" data-element_type=\"column\" data-e-type=\"column\">\n\t\t\t<div class=\"elementor-widget-wrap elementor-element-populated\">\n\t\t\t\t\t\t<div class=\"elementor-element elementor-element-867bdab elementor-widget__width-auto elementor-invisible elementor-widget elementor-widget-heading\" data-id=\"867bdab\" data-element_type=\"widget\" data-e-type=\"widget\" data-settings=\"{&quot;_animation&quot;:&quot;zoomIn&quot;}\" data-widget_type=\"heading.default\">\n\t\t\t\t<div class=\"elementor-widget-container\">\n\t\t\t\t\t<p class=\"elementor-heading-title elementor-size-default\">1<\/p>\t\t\t\t<\/div>\n\t\t\t\t<\/div>\n\t\t\t\t\t<\/div>\n\t\t<\/div>\n\t\t\t\t<div class=\"elementor-column elementor-col-16 elementor-top-column elementor-element elementor-element-a8f4a54\" data-id=\"a8f4a54\" data-element_type=\"column\" data-e-type=\"column\">\n\t\t\t<div class=\"elementor-widget-wrap elementor-element-populated\">\n\t\t\t\t\t\t<div class=\"elementor-element elementor-element-4784ded elementor-widget elementor-widget-heading\" data-id=\"4784ded\" data-element_type=\"widget\" data-e-type=\"widget\" data-widget_type=\"heading.default\">\n\t\t\t\t<div class=\"elementor-widget-container\">\n\t\t\t\t\t<h5 class=\"elementor-heading-title elementor-size-default\">Le quotidien<\/h5>\t\t\t\t<\/div>\n\t\t\t\t<\/div>\n\t\t\t\t<div class=\"elementor-element elementor-element-6c7e5b0 elementor-widget-divider--view-line_icon elementor-view-default elementor-widget-divider--element-align-center elementor-widget elementor-widget-divider\" data-id=\"6c7e5b0\" data-element_type=\"widget\" data-e-type=\"widget\" data-widget_type=\"divider.default\">\n\t\t\t\t<div class=\"elementor-widget-container\">\n\t\t\t\t\t\t\t<div class=\"elementor-divider\">\n\t\t\t<span class=\"elementor-divider-separator\">\n\t\t\t\t\t\t\t<div class=\"elementor-icon elementor-divider__element\">\n\t\t\t\t\t<svg aria-hidden=\"true\" class=\"e-font-icon-svg e-far-thumbs-down\" viewBox=\"0 0 512 512\" xmlns=\"http:\/\/www.w3.org\/2000\/svg\"><path d=\"M466.27 225.31c4.674-22.647.864-44.538-8.99-62.99 2.958-23.868-4.021-48.565-17.34-66.99C438.986 39.423 404.117 0 327 0c-7 0-15 .01-22.22.01C201.195.01 168.997 40 128 40h-10.845c-5.64-4.975-13.042-8-21.155-8H32C14.327 32 0 46.327 0 64v240c0 17.673 14.327 32 32 32h64c11.842 0 22.175-6.438 27.708-16h7.052c19.146 16.953 46.013 60.653 68.76 83.4 13.667 13.667 10.153 108.6 71.76 108.6 57.58 0 95.27-31.936 95.27-104.73 0-18.41-3.93-33.73-8.85-46.54h36.48c48.602 0 85.82-41.565 85.82-85.58 0-19.15-4.96-34.99-13.73-49.84zM64 296c-13.255 0-24-10.745-24-24s10.745-24 24-24 24 10.745 24 24-10.745 24-24 24zm330.18 16.73H290.19c0 37.82 28.36 55.37 28.36 94.54 0 23.75 0 56.73-47.27 56.73-18.91-18.91-9.46-66.18-37.82-94.54C206.9 342.89 167.28 272 138.92 272H128V85.83c53.611 0 100.001-37.82 171.64-37.82h37.82c35.512 0 60.82 17.12 53.12 65.9 15.2 8.16 26.5 36.44 13.94 57.57 21.581 20.384 18.699 51.065 5.21 65.62 9.45 0 22.36 18.91 22.27 37.81-.09 18.91-16.71 37.82-37.82 37.82z\"><\/path><\/svg><\/div>\n\t\t\t\t\t\t<\/span>\n\t\t<\/div>\n\t\t\t\t\t\t<\/div>\n\t\t\t\t<\/div>\n\t\t\t\t<div class=\"elementor-element elementor-element-701676b elementor-widget elementor-widget-text-editor\" data-id=\"701676b\" data-element_type=\"widget\" data-e-type=\"widget\" data-widget_type=\"text-editor.default\">\n\t\t\t\t<div class=\"elementor-widget-container\">\n\t\t\t\t\t\t\t\t\t<p style=\"text-align: center;\">Dommages ant\u00e9rieurs<\/p>\n<p style=\"text-align: center;\">D\u00e9penses suppl\u00e9mentaires pour les paiements en cas de r\u00e9parations inappropri\u00e9es<\/p>\n<p>Trop de paperasse et inefficacit\u00e9 des inspections<\/p>\n<p style=\"text-align: center;\">Conflits avec les clients<\/p>\n<p style=\"text-align: center;\">Mauvais avis sur Internet<\/p>\n<p>Perte de confiance des clients<\/p>\n\t\t\t\t\t\t\t\t<\/div>\n\t\t\t\t<\/div>\n\t\t\t\t\t<\/div>\n\t\t<\/div>\n\t\t\t\t<div class=\"elementor-column elementor-col-16 elementor-top-column elementor-element elementor-element-9a01196\" data-id=\"9a01196\" data-element_type=\"column\" data-e-type=\"column\">\n\t\t\t<div class=\"elementor-widget-wrap elementor-element-populated\">\n\t\t\t\t\t\t<div class=\"elementor-element elementor-element-e973ea5 elementor-widget__width-auto elementor-invisible elementor-widget elementor-widget-heading\" data-id=\"e973ea5\" data-element_type=\"widget\" data-e-type=\"widget\" data-settings=\"{&quot;_animation&quot;:&quot;zoomIn&quot;,&quot;_animation_delay&quot;:700}\" data-widget_type=\"heading.default\">\n\t\t\t\t<div class=\"elementor-widget-container\">\n\t\t\t\t\t<p class=\"elementor-heading-title elementor-size-default\">2<\/p>\t\t\t\t<\/div>\n\t\t\t\t<\/div>\n\t\t\t\t\t<\/div>\n\t\t<\/div>\n\t\t\t\t<div class=\"elementor-column elementor-col-16 elementor-top-column elementor-element elementor-element-58b9f25\" data-id=\"58b9f25\" data-element_type=\"column\" data-e-type=\"column\">\n\t\t\t<div class=\"elementor-widget-wrap elementor-element-populated\">\n\t\t\t\t\t\t<div class=\"elementor-element elementor-element-9f06d25 elementor-widget elementor-widget-heading\" data-id=\"9f06d25\" data-element_type=\"widget\" data-e-type=\"widget\" data-widget_type=\"heading.default\">\n\t\t\t\t<div class=\"elementor-widget-container\">\n\t\t\t\t\t<h5 class=\"elementor-heading-title elementor-size-default\">Coup de frein<\/h5>\t\t\t\t<\/div>\n\t\t\t\t<\/div>\n\t\t\t\t<div class=\"elementor-element elementor-element-7778cf6 elementor-widget-divider--view-line_icon elementor-view-default elementor-widget-divider--element-align-center elementor-widget elementor-widget-divider\" data-id=\"7778cf6\" data-element_type=\"widget\" data-e-type=\"widget\" data-widget_type=\"divider.default\">\n\t\t\t\t<div class=\"elementor-widget-container\">\n\t\t\t\t\t\t\t<div class=\"elementor-divider\">\n\t\t\t<span class=\"elementor-divider-separator\">\n\t\t\t\t\t\t\t<div class=\"elementor-icon elementor-divider__element\">\n\t\t\t\t\t<svg aria-hidden=\"true\" class=\"e-font-icon-svg e-far-star-half\" viewBox=\"0 0 576 512\" xmlns=\"http:\/\/www.w3.org\/2000\/svg\"><path d=\"M288 385.3l-124.3 65.4 23.7-138.4-100.6-98 139-20.2 62.2-126V0c-11.4 0-22.8 5.9-28.7 17.8L194 150.2 47.9 171.4c-26.2 3.8-36.7 36.1-17.7 54.6l105.7 103-25 145.5c-4.5 26.1 23 46 46.4 33.7L288 439.6v-54.3z\"><\/path><\/svg><\/div>\n\t\t\t\t\t\t<\/span>\n\t\t<\/div>\n\t\t\t\t\t\t<\/div>\n\t\t\t\t<\/div>\n\t\t\t\t<div class=\"elementor-element elementor-element-74a2098 elementor-widget elementor-widget-text-editor\" data-id=\"74a2098\" data-element_type=\"widget\" data-e-type=\"widget\" data-widget_type=\"text-editor.default\">\n\t\t\t\t<div class=\"elementor-widget-container\">\n\t\t\t\t\t\t\t\t\t<p style=\"text-align: center;\">Une inspection initiale et finale d\u00e9taill\u00e9e et sign\u00e9e<\/p>\n<p style=\"text-align: center;\">Des responsabilit\u00e9s clairement identifi\u00e9es<\/p>\n<p style=\"text-align: center;\">Photographies int\u00e9rieures et ext\u00e9rieures de haute qualit\u00e9<\/p>\n<p style=\"text-align: center;\">Accessible depuis n\u2019importe quel appareil mobile<\/p>\n<p style=\"text-align: center;\">Ne n\u00e9cessite l&rsquo;installation d&rsquo;aucun type de logiciel<\/p>\n\t\t\t\t\t\t\t\t<\/div>\n\t\t\t\t<\/div>\n\t\t\t\t<div class=\"elementor-element elementor-element-d8b5f04 elementor-align-center elementor-widget elementor-widget-button\" data-id=\"d8b5f04\" data-element_type=\"widget\" data-e-type=\"widget\" data-widget_type=\"button.default\">\n\t\t\t\t<div class=\"elementor-widget-container\">\n\t\t\t\t\t\t\t\t\t<div class=\"elementor-button-wrapper\">\n\t\t\t\t\t<a class=\"elementor-button elementor-button-link elementor-size-sm\" href=\"http:\/\/www.ivv.autos\">\n\t\t\t\t\t\t<span class=\"elementor-button-content-wrapper\">\n\t\t\t\t\t\t\t\t\t<span class=\"elementor-button-text\">En savoir plus<\/span>\n\t\t\t\t\t<\/span>\n\t\t\t\t\t<\/a>\n\t\t\t\t<\/div>\n\t\t\t\t\t\t\t\t<\/div>\n\t\t\t\t<\/div>\n\t\t\t\t\t<\/div>\n\t\t<\/div>\n\t\t\t\t<div class=\"elementor-column elementor-col-16 elementor-top-column elementor-element elementor-element-ca769f0\" data-id=\"ca769f0\" data-element_type=\"column\" data-e-type=\"column\">\n\t\t\t<div class=\"elementor-widget-wrap elementor-element-populated\">\n\t\t\t\t\t\t<div class=\"elementor-element elementor-element-c614a42 elementor-widget__width-auto elementor-invisible elementor-widget elementor-widget-heading\" data-id=\"c614a42\" data-element_type=\"widget\" data-e-type=\"widget\" data-settings=\"{&quot;_animation&quot;:&quot;zoomIn&quot;,&quot;_animation_delay&quot;:1000}\" data-widget_type=\"heading.default\">\n\t\t\t\t<div class=\"elementor-widget-container\">\n\t\t\t\t\t<p class=\"elementor-heading-title elementor-size-default\">3<\/p>\t\t\t\t<\/div>\n\t\t\t\t<\/div>\n\t\t\t\t\t<\/div>\n\t\t<\/div>\n\t\t\t\t<div class=\"elementor-column elementor-col-16 elementor-top-column elementor-element elementor-element-639822d\" data-id=\"639822d\" data-element_type=\"column\" data-e-type=\"column\">\n\t\t\t<div class=\"elementor-widget-wrap elementor-element-populated\">\n\t\t\t\t\t\t<div class=\"elementor-element elementor-element-7a81fdb elementor-widget elementor-widget-heading\" data-id=\"7a81fdb\" data-element_type=\"widget\" data-e-type=\"widget\" data-widget_type=\"heading.default\">\n\t\t\t\t<div class=\"elementor-widget-container\">\n\t\t\t\t\t<h5 class=\"elementor-heading-title elementor-size-default\">D\u00e9marrez<\/h5>\t\t\t\t<\/div>\n\t\t\t\t<\/div>\n\t\t\t\t<div class=\"elementor-element elementor-element-8575585 elementor-widget-divider--view-line_icon elementor-view-default elementor-widget-divider--element-align-center elementor-widget elementor-widget-divider\" data-id=\"8575585\" data-element_type=\"widget\" data-e-type=\"widget\" data-widget_type=\"divider.default\">\n\t\t\t\t<div class=\"elementor-widget-container\">\n\t\t\t\t\t\t\t<div class=\"elementor-divider\">\n\t\t\t<span class=\"elementor-divider-separator\">\n\t\t\t\t\t\t\t<div class=\"elementor-icon elementor-divider__element\">\n\t\t\t\t\t<svg aria-hidden=\"true\" class=\"e-font-icon-svg e-far-star\" viewBox=\"0 0 576 512\" xmlns=\"http:\/\/www.w3.org\/2000\/svg\"><path d=\"M528.1 171.5L382 150.2 316.7 17.8c-11.7-23.6-45.6-23.9-57.4 0L194 150.2 47.9 171.5c-26.2 3.8-36.7 36.1-17.7 54.6l105.7 103-25 145.5c-4.5 26.3 23.2 46 46.4 33.7L288 439.6l130.7 68.7c23.2 12.2 50.9-7.4 46.4-33.7l-25-145.5 105.7-103c19-18.5 8.5-50.8-17.7-54.6zM388.6 312.3l23.7 138.4L288 385.4l-124.3 65.3 23.7-138.4-100.6-98 139-20.2 62.2-126 62.2 126 139 20.2-100.6 98z\"><\/path><\/svg><\/div>\n\t\t\t\t\t\t<\/span>\n\t\t<\/div>\n\t\t\t\t\t\t<\/div>\n\t\t\t\t<\/div>\n\t\t\t\t<div class=\"elementor-element elementor-element-7fb6405 elementor-widget elementor-widget-text-editor\" data-id=\"7fb6405\" data-element_type=\"widget\" data-e-type=\"widget\" data-widget_type=\"text-editor.default\">\n\t\t\t\t<div class=\"elementor-widget-container\">\n\t\t\t\t\t\t\t\t\t<p><b>IVV Inspection Visuelle de V\u00e9hicule<\/b><\/p>\n<p>C\u2019est l\u2019outil id\u00e9al pour :<\/p>\n<p>G\u00e9n\u00e9rer des preuves incontestables<\/p>\n<p>Oublier la paperasse<\/p>\n<p>Eviter les conflits<\/p>\n<p>Informer le client \u00e0 tout moment<\/p>\n\t\t\t\t\t\t\t\t<\/div>\n\t\t\t\t<\/div>\n\t\t\t\t\t<\/div>\n\t\t<\/div>\n\t\t\t\t\t<\/div>\n\t\t<\/section>\n\t\t\t\t<section class=\"elementor-section elementor-top-section elementor-element elementor-element-8cb4c59 elementor-section-boxed elementor-section-height-default elementor-section-height-default\" data-id=\"8cb4c59\" data-element_type=\"section\" data-e-type=\"section\">\n\t\t\t\t\t\t<div class=\"elementor-container elementor-column-gap-default\">\n\t\t\t\t\t<div class=\"elementor-column elementor-col-100 elementor-top-column elementor-element elementor-element-33c6249\" data-id=\"33c6249\" data-element_type=\"column\" data-e-type=\"column\">\n\t\t\t<div class=\"elementor-widget-wrap elementor-element-populated\">\n\t\t\t\t\t\t<div class=\"elementor-element elementor-element-83e547e elementor-widget__width-inherit elementor-headline--style-highlight elementor-widget elementor-widget-animated-headline\" data-id=\"83e547e\" data-element_type=\"widget\" data-e-type=\"widget\" data-settings=\"{&quot;highlighted_text&quot;:&quot;premi\\u00e9re&quot;,&quot;headline_style&quot;:&quot;highlight&quot;,&quot;marker&quot;:&quot;circle&quot;,&quot;loop&quot;:&quot;yes&quot;,&quot;highlight_animation_duration&quot;:1200,&quot;highlight_iteration_delay&quot;:8000}\" data-widget_type=\"animated-headline.default\">\n\t\t\t\t<div class=\"elementor-widget-container\">\n\t\t\t\t\t\t\t\t<a href=\"#catalogo\">\n\n\t\t\t\t\t<h3 class=\"elementor-headline\">\n\t\t\t\t\t<span class=\"elementor-headline-plain-text elementor-headline-text-wrapper\">Retour sur investissement d\u00e8s la<\/span>\n\t\t\t\t<span class=\"elementor-headline-dynamic-wrapper elementor-headline-text-wrapper\">\n\t\t\t\t\t<span class=\"elementor-headline-dynamic-text elementor-headline-text-active\">premi\u00e9re<\/span>\n\t\t\t\t<\/span>\n\t\t\t\t\t<span class=\"elementor-headline-plain-text elementor-headline-text-wrapper\">r\u00e9clamation \u00e9vit\u00e9e gr\u00e2ce \u00e0 IVV Inspection Visuelle de V\u00e9hicule<\/span>\n\t\t\t\t\t<\/h3>\n\t\t<\/a>\t\t\t\t<\/div>\n\t\t\t\t<\/div>\n\t\t\t\t\t<\/div>\n\t\t<\/div>\n\t\t\t\t\t<\/div>\n\t\t<\/section>\n\t\t\t\t<section class=\"elementor-section elementor-top-section elementor-element elementor-element-b55aad2 elementor-section-boxed elementor-section-height-default elementor-section-height-default\" data-id=\"b55aad2\" data-element_type=\"section\" data-e-type=\"section\">\n\t\t\t\t\t\t<div class=\"elementor-container elementor-column-gap-default\">\n\t\t\t\t\t<div class=\"elementor-column elementor-col-50 elementor-top-column elementor-element elementor-element-13aedd6\" data-id=\"13aedd6\" data-element_type=\"column\" data-e-type=\"column\">\n\t\t\t<div class=\"elementor-widget-wrap elementor-element-populated\">\n\t\t\t\t\t\t<div class=\"elementor-element elementor-element-8a7fb6b elementor-widget elementor-widget-image\" data-id=\"8a7fb6b\" data-element_type=\"widget\" data-e-type=\"widget\" data-widget_type=\"image.default\">\n\t\t\t\t<div class=\"elementor-widget-container\">\n\t\t\t\t\t\t\t\t\t\t\t\t\t\t\t<img fetchpriority=\"high\" decoding=\"async\" width=\"800\" height=\"815\" src=\"https:\/\/ecaldima.com\/wp-content\/uploads\/2024\/02\/IVV-Tablet-2.jpg\" class=\"attachment-large size-large wp-image-4755\" alt=\"Tablet IVV pantalla\" srcset=\"https:\/\/ecaldima.com\/wp-content\/uploads\/2024\/02\/IVV-Tablet-2.jpg 800w, https:\/\/ecaldima.com\/wp-content\/uploads\/2024\/02\/IVV-Tablet-2-600x611.jpg 600w, https:\/\/ecaldima.com\/wp-content\/uploads\/2024\/02\/IVV-Tablet-2-294x300.jpg 294w, https:\/\/ecaldima.com\/wp-content\/uploads\/2024\/02\/IVV-Tablet-2-768x782.jpg 768w\" sizes=\"(max-width: 800px) 100vw, 800px\" \/>\t\t\t\t\t\t\t\t\t\t\t\t\t\t\t<\/div>\n\t\t\t\t<\/div>\n\t\t\t\t\t<\/div>\n\t\t<\/div>\n\t\t\t\t<div class=\"elementor-column elementor-col-50 elementor-top-column elementor-element elementor-element-df9649c\" data-id=\"df9649c\" data-element_type=\"column\" data-e-type=\"column\">\n\t\t\t<div class=\"elementor-widget-wrap elementor-element-populated\">\n\t\t\t\t\t\t<div class=\"elementor-element elementor-element-15a394a elementor-widget elementor-widget-image\" data-id=\"15a394a\" data-element_type=\"widget\" data-e-type=\"widget\" data-widget_type=\"image.default\">\n\t\t\t\t<div class=\"elementor-widget-container\">\n\t\t\t\t\t\t\t\t\t\t\t\t\t\t\t<img decoding=\"async\" width=\"800\" height=\"815\" src=\"https:\/\/ecaldima.com\/wp-content\/uploads\/2024\/02\/IVV-Phone-1.jpg\" class=\"attachment-large size-large wp-image-4758\" alt=\"Telefono IVV pantalla\" srcset=\"https:\/\/ecaldima.com\/wp-content\/uploads\/2024\/02\/IVV-Phone-1.jpg 800w, https:\/\/ecaldima.com\/wp-content\/uploads\/2024\/02\/IVV-Phone-1-600x611.jpg 600w, https:\/\/ecaldima.com\/wp-content\/uploads\/2024\/02\/IVV-Phone-1-294x300.jpg 294w, https:\/\/ecaldima.com\/wp-content\/uploads\/2024\/02\/IVV-Phone-1-768x782.jpg 768w\" sizes=\"(max-width: 800px) 100vw, 800px\" \/>\t\t\t\t\t\t\t\t\t\t\t\t\t\t\t<\/div>\n\t\t\t\t<\/div>\n\t\t\t\t\t<\/div>\n\t\t<\/div>\n\t\t\t\t\t<\/div>\n\t\t<\/section>\n\t\t\t\t<\/div>\n\t\t","protected":false},"excerpt":{"rendered":"<p>IVV INSPECTION VISUELLE DE V\u00c9HICULE La solution innovante qui transforme la relation entre les professionnels de l\u2019automobile et leurs clients. \u00a0 Notre derni\u00e8re innovation : IVV, est une application sp\u00e9cialement con\u00e7ue pour les professionnels de l&rsquo;automobile. Notre objectif est de rendre les inspections visuelles plus efficaces et mieux document\u00e9es. 1 Le quotidien Dommages ant\u00e9rieurs D\u00e9penses [&hellip;]<\/p>\n","protected":false},"author":2,"featured_media":0,"parent":0,"menu_order":0,"comment_status":"closed","ping_status":"closed","template":"","meta":{"footnotes":""},"class_list":["post-4784","page","type-page","status-publish","hentry"],"aioseo_notices":[],"_links":{"self":[{"href":"https:\/\/ecaldima.com\/fr\/wp-json\/wp\/v2\/pages\/4784","targetHints":{"allow":["GET"]}}],"collection":[{"href":"https:\/\/ecaldima.com\/fr\/wp-json\/wp\/v2\/pages"}],"about":[{"href":"https:\/\/ecaldima.com\/fr\/wp-json\/wp\/v2\/types\/page"}],"author":[{"embeddable":true,"href":"https:\/\/ecaldima.com\/fr\/wp-json\/wp\/v2\/users\/2"}],"replies":[{"embeddable":true,"href":"https:\/\/ecaldima.com\/fr\/wp-json\/wp\/v2\/comments?post=4784"}],"version-history":[{"count":10,"href":"https:\/\/ecaldima.com\/fr\/wp-json\/wp\/v2\/pages\/4784\/revisions"}],"predecessor-version":[{"id":4805,"href":"https:\/\/ecaldima.com\/fr\/wp-json\/wp\/v2\/pages\/4784\/revisions\/4805"}],"wp:attachment":[{"href":"https:\/\/ecaldima.com\/fr\/wp-json\/wp\/v2\/media?parent=4784"}],"curies":[{"name":"wp","href":"https:\/\/api.w.org\/{rel}","templated":true}]}}