{"id":5410,"date":"2024-10-28T09:05:35","date_gmt":"2024-10-28T09:05:35","guid":{"rendered":"https:\/\/ecaldima.com\/mon-compte\/"},"modified":"2024-11-19T08:59:03","modified_gmt":"2024-11-19T08:59:03","slug":"mon-compte","status":"publish","type":"page","link":"https:\/\/ecaldima.com\/fr\/mon-compte\/","title":{"rendered":"Mon compte"},"content":{"rendered":"\t\t<div data-elementor-type=\"wp-page\" data-elementor-id=\"5410\" class=\"elementor elementor-5410 elementor-4823\" data-elementor-post-type=\"page\">\n\t\t\t\t\t\t<section class=\"elementor-section elementor-top-section elementor-element elementor-element-b47bc3f elementor-section-boxed elementor-section-height-default elementor-section-height-default\" data-id=\"b47bc3f\" data-element_type=\"section\" data-e-type=\"section\">\n\t\t\t\t\t\t<div class=\"elementor-container elementor-column-gap-default\">\n\t\t\t\t\t<div class=\"elementor-column elementor-col-100 elementor-top-column elementor-element elementor-element-20b65f9\" data-id=\"20b65f9\" data-element_type=\"column\" data-e-type=\"column\">\n\t\t\t<div class=\"elementor-widget-wrap elementor-element-populated\">\n\t\t\t\t\t\t<div class=\"elementor-element elementor-element-3000836 elementor-widget elementor-widget-woocommerce-notices\" data-id=\"3000836\" data-element_type=\"widget\" data-e-type=\"widget\" data-widget_type=\"woocommerce-notices.default\">\n\t\t\t\t<div class=\"elementor-widget-container\">\n\t\t\t\t\t\t\t<style>\n\t\t\t.woocommerce-notices-wrapper,\n\t\t\t.woocommerce-message,\n\t\t\t.woocommerce-error,\n\t\t\t.woocommerce-info {\n\t\t\t\tdisplay: none;\n\t\t\t}\n\t\t<\/style>\n\t\t\t\t\t<div class=\"e-woocommerce-notices-wrapper e-woocommerce-notices-wrapper-loading\">\n\t\t\t\t<div class=\"woocommerce-notices-wrapper\"><\/div>\t\t\t<\/div>\n\t\t\t\t\t\t\t<\/div>\n\t\t\t\t<\/div>\n\t\t\t\t<div class=\"elementor-element elementor-element-7f8f404 elementor-widget elementor-widget-woocommerce-breadcrumb\" data-id=\"7f8f404\" data-element_type=\"widget\" data-e-type=\"widget\" data-widget_type=\"woocommerce-breadcrumb.default\">\n\t\t\t\t<div class=\"elementor-widget-container\">\n\t\t\t\t\t<nav class=\"woocommerce-breadcrumb\" aria-label=\"Breadcrumb\">Accueil<\/nav>\t\t\t\t<\/div>\n\t\t\t\t<\/div>\n\t\t\t\t<div class=\"elementor-element elementor-element-1a47481 e-my-account-tabs-vertical elementor-widget elementor-widget-woocommerce-my-account\" data-id=\"1a47481\" data-element_type=\"widget\" data-e-type=\"widget\" data-widget_type=\"woocommerce-my-account.default\">\n\t\t\t\t<div class=\"elementor-widget-container\">\n\t\t\t\t\t<div class=\"e-my-account-tab e-my-account-tab__ \">\t\t\t<div class=\"woocommerce\"><\/div>\t\t<\/div>\n\t\t\t\t\t\t<\/div>\n\t\t\t\t<\/div>\n\t\t\t\t\t<\/div>\n\t\t<\/div>\n\t\t\t\t\t<\/div>\n\t\t<\/section>\n\t\t\t\t<\/div>\n\t\t","protected":false},"excerpt":{"rendered":"<p>Accueil Commandes T\u00e9l\u00e9chargements Adresses D\u00e9tails du compte D\u00e9connexion Hola Cristina Fern\u00e1ndez (\u00bfno eres Cristina Fern\u00e1ndez? Cerrar sesi\u00f3n) Desde el escritorio de tu cuenta puedes ver tus pedidos recientes, gestionar tu direcci\u00f3n de facturaci\u00f3n y editar tu contrase\u00f1a y los detalles de tu cuenta.<\/p>\n","protected":false},"author":2,"featured_media":0,"parent":0,"menu_order":0,"comment_status":"closed","ping_status":"closed","template":"","meta":{"footnotes":""},"class_list":["post-5410","page","type-page","status-publish","hentry"],"aioseo_notices":[],"_links":{"self":[{"href":"https:\/\/ecaldima.com\/fr\/wp-json\/wp\/v2\/pages\/5410","targetHints":{"allow":["GET"]}}],"collection":[{"href":"https:\/\/ecaldima.com\/fr\/wp-json\/wp\/v2\/pages"}],"about":[{"href":"https:\/\/ecaldima.com\/fr\/wp-json\/wp\/v2\/types\/page"}],"author":[{"embeddable":true,"href":"https:\/\/ecaldima.com\/fr\/wp-json\/wp\/v2\/users\/2"}],"replies":[{"embeddable":true,"href":"https:\/\/ecaldima.com\/fr\/wp-json\/wp\/v2\/comments?post=5410"}],"version-history":[{"count":6,"href":"https:\/\/ecaldima.com\/fr\/wp-json\/wp\/v2\/pages\/5410\/revisions"}],"predecessor-version":[{"id":5417,"href":"https:\/\/ecaldima.com\/fr\/wp-json\/wp\/v2\/pages\/5410\/revisions\/5417"}],"wp:attachment":[{"href":"https:\/\/ecaldima.com\/fr\/wp-json\/wp\/v2\/media?parent=5410"}],"curies":[{"name":"wp","href":"https:\/\/api.w.org\/{rel}","templated":true}]}}