{"id":6239,"date":"2025-01-01T00:00:25","date_gmt":"2025-01-01T00:00:25","guid":{"rendered":"https:\/\/ecaldima.com\/conditions-particulieres\/"},"modified":"2025-05-24T21:10:55","modified_gmt":"2025-05-24T21:10:55","slug":"conditions-particulieres","status":"publish","type":"page","link":"https:\/\/ecaldima.com\/fr\/conditions-particulieres\/","title":{"rendered":"Conditions particuli\u00e8res"},"content":{"rendered":"\t\t<div data-elementor-type=\"wp-page\" data-elementor-id=\"6239\" class=\"elementor elementor-6239 elementor-6217\" data-elementor-post-type=\"page\">\n\t\t\t\t\t\t<section class=\"elementor-section elementor-top-section elementor-element elementor-element-e94819f elementor-section-boxed elementor-section-height-default elementor-section-height-default\" data-id=\"e94819f\" data-element_type=\"section\" data-e-type=\"section\" data-settings=\"{&quot;shape_divider_top&quot;:&quot;opacity-tilt&quot;}\">\n\t\t\t\t\t<div class=\"elementor-shape elementor-shape-top\" aria-hidden=\"true\" data-negative=\"false\">\n\t\t\t<svg xmlns=\"http:\/\/www.w3.org\/2000\/svg\" viewBox=\"0 0 2600 131.1\" preserveAspectRatio=\"none\">\n\t<path class=\"elementor-shape-fill\" d=\"M0 0L2600 0 2600 69.1 0 0z\"\/>\n\t<path class=\"elementor-shape-fill\" style=\"opacity:0.5\" d=\"M0 0L2600 0 2600 69.1 0 69.1z\"\/>\n\t<path class=\"elementor-shape-fill\" style=\"opacity:0.25\" d=\"M2600 0L0 0 0 130.1 2600 69.1z\"\/>\n<\/svg>\t\t<\/div>\n\t\t\t\t\t<div class=\"elementor-container elementor-column-gap-default\">\n\t\t\t\t\t<div class=\"elementor-column elementor-col-100 elementor-top-column elementor-element elementor-element-5ad3fc7\" data-id=\"5ad3fc7\" data-element_type=\"column\" data-e-type=\"column\">\n\t\t\t<div class=\"elementor-widget-wrap elementor-element-populated\">\n\t\t\t\t\t\t\t<\/div>\n\t\t<\/div>\n\t\t\t\t\t<\/div>\n\t\t<\/section>\n\t\t\t\t<section class=\"elementor-section elementor-top-section elementor-element elementor-element-d271447 elementor-section-boxed elementor-section-height-default elementor-section-height-default\" data-id=\"d271447\" data-element_type=\"section\" data-e-type=\"section\">\n\t\t\t\t\t\t<div class=\"elementor-container elementor-column-gap-default\">\n\t\t\t\t\t<div class=\"elementor-column elementor-col-100 elementor-top-column elementor-element elementor-element-d2275f6\" data-id=\"d2275f6\" data-element_type=\"column\" data-e-type=\"column\">\n\t\t\t<div class=\"elementor-widget-wrap\">\n\t\t\t\t\t\t\t<\/div>\n\t\t<\/div>\n\t\t\t\t\t<\/div>\n\t\t<\/section>\n\t\t\t\t<section class=\"elementor-section elementor-top-section elementor-element elementor-element-893fe5f elementor-section-boxed elementor-section-height-default elementor-section-height-default\" data-id=\"893fe5f\" data-element_type=\"section\" data-e-type=\"section\">\n\t\t\t\t\t\t<div class=\"elementor-container elementor-column-gap-default\">\n\t\t\t\t\t<div class=\"elementor-column elementor-col-100 elementor-top-column elementor-element elementor-element-54c034e\" data-id=\"54c034e\" data-element_type=\"column\" data-e-type=\"column\">\n\t\t\t<div class=\"elementor-widget-wrap elementor-element-populated\">\n\t\t\t\t\t\t<div class=\"elementor-element elementor-element-534392d elementor-widget elementor-widget-spacer\" data-id=\"534392d\" data-element_type=\"widget\" data-e-type=\"widget\" data-widget_type=\"spacer.default\">\n\t\t\t\t<div class=\"elementor-widget-container\">\n\t\t\t\t\t\t\t<div class=\"elementor-spacer\">\n\t\t\t<div class=\"elementor-spacer-inner\"><\/div>\n\t\t<\/div>\n\t\t\t\t\t\t<\/div>\n\t\t\t\t<\/div>\n\t\t\t\t\t<\/div>\n\t\t<\/div>\n\t\t\t\t\t<\/div>\n\t\t<\/section>\n\t\t\t\t<section class=\"elementor-section elementor-top-section elementor-element elementor-element-945d88a elementor-section-boxed elementor-section-height-default elementor-section-height-default\" data-id=\"945d88a\" data-element_type=\"section\" data-e-type=\"section\">\n\t\t\t\t\t\t<div class=\"elementor-container elementor-column-gap-default\">\n\t\t\t\t\t<div class=\"elementor-column elementor-col-100 elementor-top-column elementor-element elementor-element-3bedc37\" data-id=\"3bedc37\" data-element_type=\"column\" data-e-type=\"column\">\n\t\t\t<div class=\"elementor-widget-wrap elementor-element-populated\">\n\t\t\t\t\t\t<div class=\"elementor-element elementor-element-b0491a3 elementor-widget elementor-widget-heading\" data-id=\"b0491a3\" data-element_type=\"widget\" data-e-type=\"widget\" data-widget_type=\"heading.default\">\n\t\t\t\t<div class=\"elementor-widget-container\">\n\t\t\t\t\t<h2 class=\"elementor-heading-title elementor-size-default\">Conditions particuli\u00e8res<\/h2>\t\t\t\t<\/div>\n\t\t\t\t<\/div>\n\t\t\t\t\t<\/div>\n\t\t<\/div>\n\t\t\t\t\t<\/div>\n\t\t<\/section>\n\t\t\t\t<section class=\"elementor-section elementor-top-section elementor-element elementor-element-bc914ca elementor-section-boxed elementor-section-height-default elementor-section-height-default\" data-id=\"bc914ca\" data-element_type=\"section\" data-e-type=\"section\">\n\t\t\t\t\t\t<div class=\"elementor-container elementor-column-gap-default\">\n\t\t\t\t\t<div class=\"elementor-column elementor-col-100 elementor-top-column elementor-element elementor-element-b4a7063\" data-id=\"b4a7063\" data-element_type=\"column\" data-e-type=\"column\">\n\t\t\t<div class=\"elementor-widget-wrap elementor-element-populated\">\n\t\t\t\t\t\t<div class=\"elementor-element elementor-element-f8e905e elementor-widget elementor-widget-text-editor\" data-id=\"f8e905e\" data-element_type=\"widget\" data-e-type=\"widget\" data-widget_type=\"text-editor.default\">\n\t\t\t\t<div class=\"elementor-widget-container\">\n\t\t\t\t\t\t\t\t\t<p>Date d\u2019entr\u00e9e en vigueur : 01\/01\/2025<\/p>\n<p>\u00c0 la date d\u2019entr\u00e9e en vigueur, aucune condition particuli\u00e8re ne s\u2019applique en dehors de celles pr\u00e9vues dans les conditions g\u00e9n\u00e9rales.<\/p>\n<p>Le pr\u00e9sent document est conserv\u00e9 par Zapp S.L. afin d\u2019accueillir, le cas \u00e9ch\u00e9ant, toute condition particuli\u00e8re future, laquelle sera publi\u00e9e ici et formera partie int\u00e9grante du Contrat.<\/p>\n\t\t\t\t\t\t\t\t<\/div>\n\t\t\t\t<\/div>\n\t\t\t\t\t<\/div>\n\t\t<\/div>\n\t\t\t\t\t<\/div>\n\t\t<\/section>\n\t\t\t\t<\/div>\n\t\t","protected":false},"excerpt":{"rendered":"<p>Conditions particuli\u00e8res Date d\u2019entr\u00e9e en vigueur : 01\/01\/2025 \u00c0 la date d\u2019entr\u00e9e en vigueur, aucune condition particuli\u00e8re ne s\u2019applique en dehors de celles pr\u00e9vues dans les conditions g\u00e9n\u00e9rales. Le pr\u00e9sent document est conserv\u00e9 par Zapp S.L. afin d\u2019accueillir, le cas \u00e9ch\u00e9ant, toute condition particuli\u00e8re future, laquelle sera publi\u00e9e ici et formera partie int\u00e9grante du Contrat.<\/p>\n","protected":false},"author":5,"featured_media":0,"parent":0,"menu_order":0,"comment_status":"closed","ping_status":"closed","template":"elementor_header_footer","meta":{"footnotes":""},"class_list":["post-6239","page","type-page","status-publish","hentry"],"aioseo_notices":[],"_links":{"self":[{"href":"https:\/\/ecaldima.com\/fr\/wp-json\/wp\/v2\/pages\/6239","targetHints":{"allow":["GET"]}}],"collection":[{"href":"https:\/\/ecaldima.com\/fr\/wp-json\/wp\/v2\/pages"}],"about":[{"href":"https:\/\/ecaldima.com\/fr\/wp-json\/wp\/v2\/types\/page"}],"author":[{"embeddable":true,"href":"https:\/\/ecaldima.com\/fr\/wp-json\/wp\/v2\/users\/5"}],"replies":[{"embeddable":true,"href":"https:\/\/ecaldima.com\/fr\/wp-json\/wp\/v2\/comments?post=6239"}],"version-history":[{"count":1,"href":"https:\/\/ecaldima.com\/fr\/wp-json\/wp\/v2\/pages\/6239\/revisions"}],"predecessor-version":[{"id":6240,"href":"https:\/\/ecaldima.com\/fr\/wp-json\/wp\/v2\/pages\/6239\/revisions\/6240"}],"wp:attachment":[{"href":"https:\/\/ecaldima.com\/fr\/wp-json\/wp\/v2\/media?parent=6239"}],"curies":[{"name":"wp","href":"https:\/\/api.w.org\/{rel}","templated":true}]}}