{"id":4827,"date":"2024-10-28T09:34:20","date_gmt":"2024-10-28T09:34:20","guid":{"rendered":"https:\/\/ecaldima.com\/?post_type=product&#038;p=4827"},"modified":"2024-10-30T10:47:02","modified_gmt":"2024-10-30T10:47:02","slug":"suscripcion-anual-por-operador","status":"publish","type":"product","link":"https:\/\/ecaldima.com\/fr\/product\/suscripcion-anual-por-operador\/","title":{"rendered":"Suscripci\u00f3n por operador"},"content":{"rendered":"<p>Esta suscripci\u00f3n otorga acceso completo al portal, permite crear y gestionar peticiones y tickets manuales, as\u00ed como configurar soluciones seg\u00fan las necesidades.<\/p>\n<p>Los tipos disponibles de implementaci\u00f3n del software son: SaaS o On Premise.<\/p>\n<p>Incluye soporte t\u00e9cnico SUKHA*<\/p>\n","protected":false},"excerpt":{"rendered":"<p>Acceso al portal Ecaldima, creaci\u00f3n de peticiones desde el cat\u00e1logo de servicios, validaci\u00f3n y cierre de tareas, creaci\u00f3n manual de tickets, gesti\u00f3n de tickets, configuraci\u00f3n de las soluciones.<br \/>\nSaaS o On Premise<br \/>\nSoporte t\u00e9cnico SUKHA<\/p>\n","protected":false},"featured_media":0,"comment_status":"open","ping_status":"closed","template":"","meta":[],"product_brand":[],"product_cat":[73],"product_tag":[],"class_list":{"0":"post-4827","1":"product","2":"type-product","3":"status-publish","5":"product_cat-suscripciones","7":"first","8":"instock","9":"taxable","10":"shipping-taxable","11":"purchasable","12":"product-type-variable"},"aioseo_notices":[],"_links":{"self":[{"href":"https:\/\/ecaldima.com\/fr\/wp-json\/wp\/v2\/product\/4827","targetHints":{"allow":["GET"]}}],"collection":[{"href":"https:\/\/ecaldima.com\/fr\/wp-json\/wp\/v2\/product"}],"about":[{"href":"https:\/\/ecaldima.com\/fr\/wp-json\/wp\/v2\/types\/product"}],"replies":[{"embeddable":true,"href":"https:\/\/ecaldima.com\/fr\/wp-json\/wp\/v2\/comments?post=4827"}],"wp:attachment":[{"href":"https:\/\/ecaldima.com\/fr\/wp-json\/wp\/v2\/media?parent=4827"}],"wp:term":[{"taxonomy":"product_brand","embeddable":true,"href":"https:\/\/ecaldima.com\/fr\/wp-json\/wp\/v2\/product_brand?post=4827"},{"taxonomy":"product_cat","embeddable":true,"href":"https:\/\/ecaldima.com\/fr\/wp-json\/wp\/v2\/product_cat?post=4827"},{"taxonomy":"product_tag","embeddable":true,"href":"https:\/\/ecaldima.com\/fr\/wp-json\/wp\/v2\/product_tag?post=4827"}],"curies":[{"name":"wp","href":"https:\/\/api.w.org\/{rel}","templated":true}]}}