{"id":4833,"date":"2024-10-28T10:16:14","date_gmt":"2024-10-28T10:16:14","guid":{"rendered":"https:\/\/ecaldima.com\/?post_type=product&#038;p=4833"},"modified":"2024-11-13T12:13:23","modified_gmt":"2024-11-13T12:13:23","slug":"soporte-tecnico-sarik","status":"publish","type":"product","link":"https:\/\/ecaldima.com\/fr\/product\/soporte-tecnico-sarik\/","title":{"rendered":"Soporte t\u00e9cnico SARIK"},"content":{"rendered":"<p>Servicio disponible 24\/7 <\/p>\n<p>SLA garantizado <\/p>\n<p>Acompa\u00f1amiento personalizado <\/p>\n<p>Dise\u00f1ado para atender todas tus necesidades t\u00e9cnicas de forma \u00e1gil y especializada <\/p>\n","protected":false},"excerpt":{"rendered":"<p>24\/7<br \/>\nSLA<br \/>\nAcompa\u00f1amiento personalizado<\/p>\n","protected":false},"featured_media":0,"comment_status":"open","ping_status":"closed","template":"","meta":[],"product_brand":[],"product_cat":[76],"product_tag":[],"class_list":{"0":"post-4833","1":"product","2":"type-product","3":"status-publish","5":"product_cat-soporte-tecnico","7":"first","8":"instock","9":"taxable","10":"shipping-taxable","11":"purchasable","12":"product-type-variable"},"aioseo_notices":[],"_links":{"self":[{"href":"https:\/\/ecaldima.com\/fr\/wp-json\/wp\/v2\/product\/4833","targetHints":{"allow":["GET"]}}],"collection":[{"href":"https:\/\/ecaldima.com\/fr\/wp-json\/wp\/v2\/product"}],"about":[{"href":"https:\/\/ecaldima.com\/fr\/wp-json\/wp\/v2\/types\/product"}],"replies":[{"embeddable":true,"href":"https:\/\/ecaldima.com\/fr\/wp-json\/wp\/v2\/comments?post=4833"}],"wp:attachment":[{"href":"https:\/\/ecaldima.com\/fr\/wp-json\/wp\/v2\/media?parent=4833"}],"wp:term":[{"taxonomy":"product_brand","embeddable":true,"href":"https:\/\/ecaldima.com\/fr\/wp-json\/wp\/v2\/product_brand?post=4833"},{"taxonomy":"product_cat","embeddable":true,"href":"https:\/\/ecaldima.com\/fr\/wp-json\/wp\/v2\/product_cat?post=4833"},{"taxonomy":"product_tag","embeddable":true,"href":"https:\/\/ecaldima.com\/fr\/wp-json\/wp\/v2\/product_tag?post=4833"}],"curies":[{"name":"wp","href":"https:\/\/api.w.org\/{rel}","templated":true}]}}