{"id":5506,"date":"2024-11-22T09:09:29","date_gmt":"2024-11-22T09:09:29","guid":{"rendered":"https:\/\/ecaldima.com\/?post_type=product&#038;p=5506"},"modified":"2025-05-28T07:52:07","modified_gmt":"2025-05-28T07:52:07","slug":"suscripcion-por-usuario-2","status":"publish","type":"product","link":"https:\/\/ecaldima.com\/fr\/product\/suscripcion-por-usuario-2\/","title":{"rendered":"Suscripci\u00f3n por usuario"},"content":{"rendered":"<p>Acceso integral al portal Ecaldima<\/p>\n<p>Creaci\u00f3n y gesti\u00f3n de peticiones<\/p>\n<p>Validaci\u00f3n y cierre de tareas<\/p>\n<p>Disponible en: On Premise o SaaS<\/p>\n<p>Soporte t\u00e9cnico SUKHA incluido<\/p>\n","protected":false},"excerpt":{"rendered":"<p>Acceso al portal Ecaldima, creaci\u00f3n de peticiones desde el cat\u00e1logo de servicios, validaci\u00f3n y cierre de tareas.<br \/>\nSaaS o On Premise<br \/>\nSoporte t\u00e9cnico SUKHA<\/p>\n","protected":false},"featured_media":0,"comment_status":"open","ping_status":"closed","template":"","meta":[],"product_brand":[],"product_cat":[73],"product_tag":[],"class_list":{"0":"post-5506","1":"product","2":"type-product","3":"status-publish","5":"product_cat-suscripciones","7":"first","8":"instock","9":"taxable","10":"shipping-taxable","11":"purchasable","12":"product-type-variable","13":"has-default-attributes"},"aioseo_notices":[],"_links":{"self":[{"href":"https:\/\/ecaldima.com\/fr\/wp-json\/wp\/v2\/product\/5506","targetHints":{"allow":["GET"]}}],"collection":[{"href":"https:\/\/ecaldima.com\/fr\/wp-json\/wp\/v2\/product"}],"about":[{"href":"https:\/\/ecaldima.com\/fr\/wp-json\/wp\/v2\/types\/product"}],"replies":[{"embeddable":true,"href":"https:\/\/ecaldima.com\/fr\/wp-json\/wp\/v2\/comments?post=5506"}],"wp:attachment":[{"href":"https:\/\/ecaldima.com\/fr\/wp-json\/wp\/v2\/media?parent=5506"}],"wp:term":[{"taxonomy":"product_brand","embeddable":true,"href":"https:\/\/ecaldima.com\/fr\/wp-json\/wp\/v2\/product_brand?post=5506"},{"taxonomy":"product_cat","embeddable":true,"href":"https:\/\/ecaldima.com\/fr\/wp-json\/wp\/v2\/product_cat?post=5506"},{"taxonomy":"product_tag","embeddable":true,"href":"https:\/\/ecaldima.com\/fr\/wp-json\/wp\/v2\/product_tag?post=5506"}],"curies":[{"name":"wp","href":"https:\/\/api.w.org\/{rel}","templated":true}]}}