{"id":6340,"date":"2025-05-28T07:53:01","date_gmt":"2025-05-28T07:53:01","guid":{"rendered":"https:\/\/ecaldima.com\/?post_type=product&#038;p=6340"},"modified":"2025-05-28T08:01:26","modified_gmt":"2025-05-28T08:01:26","slug":"suscripcion-por-agente","status":"publish","type":"product","link":"https:\/\/ecaldima.com\/fr\/product\/suscripcion-por-agente\/","title":{"rendered":"Plan agente de servicio"},"content":{"rendered":"<p data-start=\"250\" data-end=\"335\"><strong data-start=\"250\" data-end=\"335\">Un \u00fanico plan. Todo lo que necesitas para gestionar servicios de forma eficiente.<\/strong><\/p>\n<p data-start=\"337\" data-end=\"345\">Incluye:<\/p>\n<ul data-start=\"346\" data-end=\"664\">\n<li data-start=\"346\" data-end=\"400\">\n<p data-start=\"348\" data-end=\"400\">Acceso completo a gesti\u00f3n de tickets e incidencias<\/p>\n<\/li>\n<li data-start=\"401\" data-end=\"452\">\n<p data-start=\"403\" data-end=\"452\">Validaci\u00f3n de solicitudes y ejecuci\u00f3n de tareas<\/p>\n<\/li>\n<li data-start=\"453\" data-end=\"506\">\n<p data-start=\"455\" data-end=\"506\">Procesamiento de flujos de trabajo personalizados<\/p>\n<\/li>\n<li data-start=\"507\" data-end=\"586\">\n<p data-start=\"509\" data-end=\"586\">Licencias <strong data-start=\"519\" data-end=\"535\">concurrentes<\/strong>: paga solo por los agentes que trabajan a la vez<\/p>\n<\/li>\n<li data-start=\"587\" data-end=\"664\">\n<p data-start=\"589\" data-end=\"664\">Usuarios ilimitados para enviar solicitudes y hacer seguimiento (sin coste)<\/p>\n<\/li>\n<\/ul>\n<p data-start=\"666\" data-end=\"745\">\ud83d\udca1 Ideal para equipos con turnos, cargas variables o muchas \u00e1reas involucradas.<\/p>\n<p data-start=\"747\" data-end=\"781\"><strong data-start=\"747\" data-end=\"781\">Extras opcionales disponibles:<\/strong><\/p>\n<ul data-start=\"782\" data-end=\"883\">\n<li data-start=\"782\" data-end=\"804\">\n<p data-start=\"784\" data-end=\"804\">An\u00e1lisis avanzados<\/p>\n<\/li>\n<li data-start=\"805\" data-end=\"842\">\n<p data-start=\"807\" data-end=\"842\">Integraci\u00f3n con sistemas externos<\/p>\n<\/li>\n<li data-start=\"843\" data-end=\"883\">\n<p data-start=\"845\" data-end=\"883\">Personalizaci\u00f3n adicional de workflows<\/p>\n<\/li>\n<\/ul>\n<p data-start=\"885\" data-end=\"968\">\ud83d\udd01 Solo pagas por el soporte activo, pero toda tu organizaci\u00f3n puede usar Ecaldima.<\/p>\n<p data-start=\"970\" data-end=\"1045\">\ud83d\udc49 <em data-start=\"973\" data-end=\"1045\">Sin permanencia. Sin costes ocultos. Escalable y adaptable a tu ritmo.<\/em><\/p>\n","protected":false},"excerpt":{"rendered":"<p>Un \u00fanico plan. Todo lo que necesitas para gestionar servicios de forma eficiente. Incluye: Acceso completo a gesti\u00f3n de tickets e incidencias Validaci\u00f3n de solicitudes y ejecuci\u00f3n de tareas Procesamiento de flujos de trabajo personalizados Licencias concurrentes: paga solo por los agentes que trabajan a la vez Usuarios ilimitados para enviar solicitudes y hacer seguimiento [&hellip;]<\/p>\n","protected":false},"featured_media":0,"comment_status":"open","ping_status":"closed","template":"","meta":[],"product_brand":[],"product_cat":[73],"product_tag":[],"class_list":{"0":"post-6340","1":"product","2":"type-product","3":"status-publish","5":"product_cat-suscripciones","7":"first","8":"instock","9":"virtual","10":"taxable","11":"purchasable","12":"product-type-simple"},"aioseo_notices":[],"_links":{"self":[{"href":"https:\/\/ecaldima.com\/fr\/wp-json\/wp\/v2\/product\/6340","targetHints":{"allow":["GET"]}}],"collection":[{"href":"https:\/\/ecaldima.com\/fr\/wp-json\/wp\/v2\/product"}],"about":[{"href":"https:\/\/ecaldima.com\/fr\/wp-json\/wp\/v2\/types\/product"}],"replies":[{"embeddable":true,"href":"https:\/\/ecaldima.com\/fr\/wp-json\/wp\/v2\/comments?post=6340"}],"wp:attachment":[{"href":"https:\/\/ecaldima.com\/fr\/wp-json\/wp\/v2\/media?parent=6340"}],"wp:term":[{"taxonomy":"product_brand","embeddable":true,"href":"https:\/\/ecaldima.com\/fr\/wp-json\/wp\/v2\/product_brand?post=6340"},{"taxonomy":"product_cat","embeddable":true,"href":"https:\/\/ecaldima.com\/fr\/wp-json\/wp\/v2\/product_cat?post=6340"},{"taxonomy":"product_tag","embeddable":true,"href":"https:\/\/ecaldima.com\/fr\/wp-json\/wp\/v2\/product_tag?post=6340"}],"curies":[{"name":"wp","href":"https:\/\/api.w.org\/{rel}","templated":true}]}}